{"id":4166,"date":"2018-05-02T16:44:17","date_gmt":"2018-05-02T14:44:17","guid":{"rendered":"http:\/\/www.easy-brau.com\/cookies\/"},"modified":"2022-06-28T10:38:17","modified_gmt":"2022-06-28T08:38:17","slug":"privacy-cookies","status":"publish","type":"page","link":"https:\/\/blendtech-division.com\/en\/privacy-cookies\/","title":{"rendered":"PRIVACY&#038;COOKIES"},"content":{"rendered":"<p>[vc_row][vc_column][vc_column_text]<strong>INFORMATIVA SUL TRATTAMENTO DEI DATI PERSONALI<\/strong><\/p>\n<p>Impiantinox S.r.l. (di seguito \u201cSociet\u00e0\u201d) rende la presente informativa ai sensi e per gli effetti dell\u2019art. 13 del Regolamento (UE) 2016\/679 (di seguito \u201cGDPR\u201d), relativo alla protezione delle persone fisiche con riguardo al trattamento dei dati personali, allo scopo di farti conoscere le finalit\u00e0 e le modalit\u00e0 del trattamento dei dati personali che potresti comunicare durante la navigazione nel presente sito web (di seguito \u201cSito\u201d).<\/p>\n<p>Si precisa che la presente informativa si riferisce unicamente al Sito e non a siti web di soggetti terzi, eventualmente raggiungibili dall\u2019Utente mediante link in esso presenti.<\/p>\n<p><strong><u>CATEGORIE DI DATI TRATTATI<\/u><\/strong><\/p>\n<p><strong>Dati di navigazione<\/strong><\/p>\n<p>I sistemi informatici e le procedure software preposte al funzionamento di questo sito web acquisiscono, nel corso del loro normale esercizio, alcuni dati personali la cui trasmissione \u00e8 implicita nell&#8217;uso dei protocolli di comunicazione di Internet. Si tratta di informazioni che non sono raccolte per essere associate a interessati identificati, ma che per loro stessa natura potrebbero, attraverso elaborazioni ed associazioni con dati detenuti da terzi, permettere di identificare gli utenti. In questa categoria di dati rientrano, ad esempio, gli indirizzi IP o i nomi a dominio dei computer utilizzati dagli utenti che si connettono al sito, gli indirizzi in notazione URI (Uniform Resource Identifier) delle risorse richieste, l&#8217;orario della richiesta, il metodo utilizzato nel sottoporre la richiesta al server, la dimensione del file ottenuto in risposta, il codice numerico indicante lo stato della risposta data dal server (buon fine, errore, ecc.) ed altri parametri relativi al sistema operativo e all&#8217;ambiente informatico dell&#8217;utente. Questi dati vengono utilizzati al solo fine di ricavare informazioni statistiche anonime sull&#8217;uso del sito e per controllarne il corretto funzionamento e vengono cancellati immediatamente dopo l&#8217;elaborazione.<\/p>\n<p><strong>Dati forniti volontariamente dall\u2019Utente<\/strong><\/p>\n<p>L&#8217;invio facoltativo, esplicito e volontario di posta elettronica agli indirizzi indicati nel Sito comporta la successiva acquisizione dell&#8217;indirizzo del mittente, necessario per rispondere alle richieste, nonch\u00e9 degli eventuali altri dati personali inseriti nella missiva. Specifiche informative di sintesi vengono inoltre riportate o visualizzate nelle sezioni del Sito predisposte per particolari servizi a richiesta e sottoposte, se del caso, al consenso dell\u2019interessato.<\/p>\n<p><strong>Cookie<\/strong><\/p>\n<p>In conformit\u00e0 al Provvedimento del Garante per la protezione dei dati personali n. 229 dell&#8217;8 maggio 2014, recante &#8220;Individuazione delle modalit\u00e0 semplificate per l&#8217;informativa e l&#8217;acquisizione del consenso per l&#8217;uso dei cookie&#8221;, la Societ\u00e0 informa gli utenti sull\u2019utilizzo dei cookie di navigazione nel presente Sito. Si precisa che la presente informativa si riferisce unicamente al Sito e non a siti web di soggetti terzi, eventualmente raggiungibili dall\u2019Utente mediante link in esso presenti.<\/p>\n<p>&nbsp;<\/p>\n<p><em>Cosa sono i cookie.<\/em><\/p>\n<p>Un cookie \u00e8 un file di piccole dimensioni che viene inviato al browser in uso e salvato sul tuo dispositivo quando visiti un sito internet come easybrau-velo.com. I cookie permettono un funzionamento efficiente del Sito e ne migliorano le prestazioni, forniscono informazioni al proprietario del Sito per fini statistici o pubblicitari, principalmente per personalizzare la tua esperienza di navigazione ricordando le tue preferenze. Il Sito utilizza diverse tipologie di cookie di prima parte (predisposti e gestiti da Impiantinox S.r.l. e di terze parti (predisposti e gestiti da soggetti terzi in base alle proprie privacy policy e non sotto il controllo di Impiantinox S.r.l.)<strong>:<\/strong> di seguito una tabella esplicativa<\/p>\n<p>&nbsp;<\/p>\n<table>\n<tbody>\n<tr>\n<td width=\"241\">TIPOLOGIA DI COOKIE<\/td>\n<td width=\"241\">FUNZIONE<\/td>\n<\/tr>\n<tr>\n<td width=\"241\">cookie tecnici (di sessione o navigazione)<\/td>\n<td width=\"241\">Garantiscono la normale navigazione e fruizione del sito web e sono quindi finalizzati a rendere funzionale ed ottimizzare la stessa navigazione all\u2019interno del sito.<\/td>\n<\/tr>\n<tr>\n<td width=\"241\">cookie di funzionalit\u00e0<\/td>\n<td width=\"241\">Sono strettamente necessari per fornire servizi esplicitamente richiesti dall\u2019utente.<\/td>\n<\/tr>\n<tr>\n<td width=\"241\">cookie analitici prima parte<\/td>\n<td width=\"241\">Sono utilizzati e realizzati esclusivamente da Impiantinox S.r.l., per raccogliere informazioni, in forma aggregata ed anonima, sul numero degli utenti e su come gli utenti visitano il sito.<\/td>\n<\/tr>\n<tr>\n<td width=\"241\">cookie analitici terze parti (es. Google Analytics)<\/td>\n<td width=\"241\">Impiantinox S.r.l. ha adottato idonei strumenti per far s\u00ec che il trattamento con questi cookie sia effettuato per meri fini statistici.<\/td>\n<\/tr>\n<\/tbody>\n<\/table>\n<p>&nbsp;<\/p>\n<p><em>Abilitazione e disabilitazione dei cookie<\/em><em> dal Browser.<\/em><\/p>\n<p><em>\u00a0<\/em><\/p>\n<p>La maggior parte dei browser \u00e8 configurata per accettare, controllare o eventualmente disabilitare i cookie attraverso le impostazioni. Ti ricordiamo tuttavia che disabilitare i cookie di navigazione o quelli funzionali pu\u00f2 causare un insoddisfacente funzionamento del sito e\/o limitare il servizio che offriamo.<\/p>\n<p>Qui sotto il percorso da seguire per gestire i cookie dai seguenti browser:<\/p>\n<p>Internet Explorer: http:\/\/windows.microsoft.com\/it-it\/windows7\/block-enable-or-allow-cookies<\/p>\n<p>Safari: http:\/\/support.apple.com\/kb\/PH19255<\/p>\n<p>Chrome: https:\/\/support.google.com\/chrome\/a nswer\/95647?hl=it-IT&amp;hlrm=fr&amp;hlrm=en<\/p>\n<p>&nbsp;<\/p>\n<p><strong><u>FINALIT\u00c0 E BASE GIURIDICA DEL TRATTAMENTO, NATURA DEL CONFERIMENTO DEI DATI E CONSEGUENZE IN CASO DI RIFIUTO<\/u><\/strong><\/p>\n<p>La Societ\u00e0 tratter\u00e0 i tuoi dati per agevolare la navigazione e per fornire i servizi da te eventualmente richiesti tramite i moduli appositamente predisposti nel Sito. A parte quanto specificato per i dati di navigazione e per i cookie tecnici, nell\u2019ambito delle sezioni del Sito predisposte per particolari servizi a tua richiesta sarai libero di fornire i tuoi dati personali per le finalit\u00e0 riportate nelle rispettive informative, ma il loro mancato conferimento pu\u00f2 comportare l&#8217;impossibilit\u00e0 di ottenere il servizio richiesto.<\/p>\n<p>&nbsp;<\/p>\n<p><strong><u>PERIODO DI CONSERVAZIONE DEI DATI<\/u><\/strong><\/p>\n<p>I dati personali raccolti attraverso l\u2019utilizzo del Sito sono trattati per il tempo strettamente necessario a conseguire gli scopi per cui sono stati raccolti nonch\u00e9, terminato quest\u2019ultimo, per i tempi eventualmente stabiliti dalle norme vigenti.<\/p>\n<p>Per maggiori dettagli, si rimanda alle informative predisposte per particolari servizi.<\/p>\n<p><strong><u>AMBITO DI COMUNICAZIONE DEI DATI E CATEGORIE DI DESTINATARI<\/u><\/strong><\/p>\n<p>Esclusivamente per le finalit\u00e0 sopra specificate, tutti i dati raccolti ed elaborati potranno essere comunicati a figure interne autorizzate al trattamento in ragione delle rispettive mansioni, nonch\u00e9 a soggetti esterni a cui si rendesse necessario comunicare i dati. Tali destinatari, ove dovessero trattare dati per conto della Societ\u00e0, saranno designati come responsabili del trattamento con apposito contratto od altro atto giuridico.<\/p>\n<p>Per maggiori dettagli, si rimanda alle informative predisposte per particolari servizi.<\/p>\n<p><strong><u>TRASFERIMENTO DATI VERSO UN PAESE TERZO E\/O UN\u2019ORGANIZZAZIONE INTERNAZIONALE<\/u><\/strong><\/p>\n<p>I tuoi dati personali non saranno oggetto di trasferimento presso Paesi Terzi non europei.<\/p>\n<p><strong><u>DIRITTI DEGLI INTERESSATI<\/u><\/strong><\/p>\n<p>Hai il diritto (v. artt. 15 -22 del GDPR) di chiedere alla ns. Societ\u00e0 di accedere ai tuoi dati personali e di rettificarli se inesatti, di cancellarli o limitarne il trattamento se ne ricorrono i presupposti, nonch\u00e9 di ottenere la portabilit\u00e0 dei dati da te forniti solo se oggetto di un trattamento automatizzato basato sul consenso o sul contratto. Hai altres\u00ec il diritto di revocare il consenso prestato per le finalit\u00e0 di trattamento che lo richiedono, ferma restando la liceit\u00e0 del trattamento effettuato sino al momento della revoca. Hai anche il diritto di proporre reclamo all\u2019autorit\u00e0 di controllo competente in materia, Garante per la protezione dei dati personali.<\/p>\n<p>Per maggiori dettagli, si rimanda alle informative predisposte per particolari servizi.<\/p>\n<p><strong><u>SOGGETTI DEL TRATTAMENTO<\/u><\/strong><\/p>\n<p>Titolare del trattamento dei Suoi dati personali \u00e8 Impiantinox S.r.l., contattabile come tale al seguente indirizzo mail: [info@impiantinox.it]<\/p>\n<p>Ultimo aggiornamento: maggio 2018.<\/p>\n<p>La presente Informativa potr\u00e0 subire variazioni. Si consiglia, quindi, di controllare regolarmente questa pagina web e di tenere in considerazione la versione pi\u00f9 aggiornata dell\u2019informativa ivi riportata.[\/vc_column_text][\/vc_column][\/vc_row][vc_row][vc_column][vc_raw_js]JTNDc2NyaXB0JTIwaWQlM0QlMjJDb29raWVEZWNsYXJhdGlvbiUyMiUyMHNyYyUzRCUyMmh0dHBzJTNBJTJGJTJGY29uc2VudC5jb29raWVib3QuY29tJTJGZjdmOTc1YmEtOGJmMS00MTViLThjOTgtZjJjY2I1ZjM1OThhJTJGY2QuanMlMjIlMjB0eXBlJTNEJTIydGV4dCUyRmphdmFzY3JpcHQlMjIlMjBhc3luYyUzRSUzQyUyRnNjcmlwdCUzRQ==[\/vc_raw_js][\/vc_column][\/vc_row]<\/p>\n","protected":false},"excerpt":{"rendered":"<p>[vc_row][vc_column][vc_column_text]INFORMATIVA SUL TRATTAMENTO DEI DATI PERSONALI Impiantinox S.r.l. (di seguito \u201cSociet\u00e0\u201d) rende la presente informativa ai sensi e per gli effetti dell\u2019art. 13 del Regolamento (UE) 2016\/679 (di seguito \u201cGDPR\u201d), relativo alla protezione delle persone fisiche con riguardo al trattamento dei dati personali, allo scopo di farti conoscere le finalit\u00e0 e le modalit\u00e0 del trattamento [&hellip;]<\/p>\n","protected":false},"author":1,"featured_media":0,"parent":0,"menu_order":0,"comment_status":"closed","ping_status":"closed","template":"","meta":{"footnotes":""},"class_list":["post-4166","page","type-page","status-publish","hentry"],"yoast_head":"<!-- This site is optimized with the Yoast SEO plugin v26.5 - https:\/\/yoast.com\/wordpress\/plugins\/seo\/ -->\n<title>PRIVACY&amp;COOKIES - Blendtech<\/title>\n<meta name=\"robots\" content=\"index, follow, max-snippet:-1, max-image-preview:large, max-video-preview:-1\" \/>\n<link rel=\"canonical\" href=\"https:\/\/blendtech-division.com\/en\/privacy-cookies\/\" \/>\n<meta property=\"og:locale\" content=\"en_US\" \/>\n<meta property=\"og:type\" content=\"article\" \/>\n<meta property=\"og:title\" content=\"PRIVACY&amp;COOKIES - Blendtech\" \/>\n<meta property=\"og:description\" content=\"[vc_row][vc_column][vc_column_text]INFORMATIVA SUL TRATTAMENTO DEI DATI PERSONALI Impiantinox S.r.l. (di seguito \u201cSociet\u00e0\u201d) rende la presente informativa ai sensi e per gli effetti dell\u2019art. 13 del Regolamento (UE) 2016\/679 (di seguito \u201cGDPR\u201d), relativo alla protezione delle persone fisiche con riguardo al trattamento dei dati personali, allo scopo di farti conoscere le finalit\u00e0 e le modalit\u00e0 del trattamento [&hellip;]\" \/>\n<meta property=\"og:url\" content=\"https:\/\/blendtech-division.com\/en\/privacy-cookies\/\" \/>\n<meta property=\"og:site_name\" content=\"Blendtech\" \/>\n<meta property=\"article:modified_time\" content=\"2022-06-28T08:38:17+00:00\" \/>\n<meta name=\"twitter:card\" content=\"summary_large_image\" \/>\n<meta name=\"twitter:label1\" content=\"Est. reading time\" \/>\n\t<meta name=\"twitter:data1\" content=\"6 minutes\" \/>\n<script type=\"application\/ld+json\" class=\"yoast-schema-graph\">{\"@context\":\"https:\/\/schema.org\",\"@graph\":[{\"@type\":\"WebPage\",\"@id\":\"https:\/\/blendtech-division.com\/en\/privacy-cookies\/\",\"url\":\"https:\/\/blendtech-division.com\/en\/privacy-cookies\/\",\"name\":\"PRIVACY&COOKIES - Blendtech\",\"isPartOf\":{\"@id\":\"https:\/\/blendtech-division.com\/#website\"},\"datePublished\":\"2018-05-02T14:44:17+00:00\",\"dateModified\":\"2022-06-28T08:38:17+00:00\",\"breadcrumb\":{\"@id\":\"https:\/\/blendtech-division.com\/en\/privacy-cookies\/#breadcrumb\"},\"inLanguage\":\"en-US\",\"potentialAction\":[{\"@type\":\"ReadAction\",\"target\":[\"https:\/\/blendtech-division.com\/en\/privacy-cookies\/\"]}]},{\"@type\":\"BreadcrumbList\",\"@id\":\"https:\/\/blendtech-division.com\/en\/privacy-cookies\/#breadcrumb\",\"itemListElement\":[{\"@type\":\"ListItem\",\"position\":1,\"name\":\"Home\",\"item\":\"https:\/\/blendtech-division.com\/en\/\"},{\"@type\":\"ListItem\",\"position\":2,\"name\":\"PRIVACY&#038;COOKIES\"}]},{\"@type\":\"WebSite\",\"@id\":\"https:\/\/blendtech-division.com\/#website\",\"url\":\"https:\/\/blendtech-division.com\/\",\"name\":\"Easybr\u00e4u-Velo\",\"description\":\"Be smart, be Blendtech\",\"potentialAction\":[{\"@type\":\"SearchAction\",\"target\":{\"@type\":\"EntryPoint\",\"urlTemplate\":\"https:\/\/blendtech-division.com\/?s={search_term_string}\"},\"query-input\":{\"@type\":\"PropertyValueSpecification\",\"valueRequired\":true,\"valueName\":\"search_term_string\"}}],\"inLanguage\":\"en-US\"}]}<\/script>\n<!-- \/ Yoast SEO plugin. -->","yoast_head_json":{"title":"PRIVACY&COOKIES - Blendtech","robots":{"index":"index","follow":"follow","max-snippet":"max-snippet:-1","max-image-preview":"max-image-preview:large","max-video-preview":"max-video-preview:-1"},"canonical":"https:\/\/blendtech-division.com\/en\/privacy-cookies\/","og_locale":"en_US","og_type":"article","og_title":"PRIVACY&COOKIES - Blendtech","og_description":"[vc_row][vc_column][vc_column_text]INFORMATIVA SUL TRATTAMENTO DEI DATI PERSONALI Impiantinox S.r.l. (di seguito \u201cSociet\u00e0\u201d) rende la presente informativa ai sensi e per gli effetti dell\u2019art. 13 del Regolamento (UE) 2016\/679 (di seguito \u201cGDPR\u201d), relativo alla protezione delle persone fisiche con riguardo al trattamento dei dati personali, allo scopo di farti conoscere le finalit\u00e0 e le modalit\u00e0 del trattamento [&hellip;]","og_url":"https:\/\/blendtech-division.com\/en\/privacy-cookies\/","og_site_name":"Blendtech","article_modified_time":"2022-06-28T08:38:17+00:00","twitter_card":"summary_large_image","twitter_misc":{"Est. reading time":"6 minutes"},"schema":{"@context":"https:\/\/schema.org","@graph":[{"@type":"WebPage","@id":"https:\/\/blendtech-division.com\/en\/privacy-cookies\/","url":"https:\/\/blendtech-division.com\/en\/privacy-cookies\/","name":"PRIVACY&COOKIES - Blendtech","isPartOf":{"@id":"https:\/\/blendtech-division.com\/#website"},"datePublished":"2018-05-02T14:44:17+00:00","dateModified":"2022-06-28T08:38:17+00:00","breadcrumb":{"@id":"https:\/\/blendtech-division.com\/en\/privacy-cookies\/#breadcrumb"},"inLanguage":"en-US","potentialAction":[{"@type":"ReadAction","target":["https:\/\/blendtech-division.com\/en\/privacy-cookies\/"]}]},{"@type":"BreadcrumbList","@id":"https:\/\/blendtech-division.com\/en\/privacy-cookies\/#breadcrumb","itemListElement":[{"@type":"ListItem","position":1,"name":"Home","item":"https:\/\/blendtech-division.com\/en\/"},{"@type":"ListItem","position":2,"name":"PRIVACY&#038;COOKIES"}]},{"@type":"WebSite","@id":"https:\/\/blendtech-division.com\/#website","url":"https:\/\/blendtech-division.com\/","name":"Easybr\u00e4u-Velo","description":"Be smart, be Blendtech","potentialAction":[{"@type":"SearchAction","target":{"@type":"EntryPoint","urlTemplate":"https:\/\/blendtech-division.com\/?s={search_term_string}"},"query-input":{"@type":"PropertyValueSpecification","valueRequired":true,"valueName":"search_term_string"}}],"inLanguage":"en-US"}]}},"_links":{"self":[{"href":"https:\/\/blendtech-division.com\/en\/wp-json\/wp\/v2\/pages\/4166","targetHints":{"allow":["GET"]}}],"collection":[{"href":"https:\/\/blendtech-division.com\/en\/wp-json\/wp\/v2\/pages"}],"about":[{"href":"https:\/\/blendtech-division.com\/en\/wp-json\/wp\/v2\/types\/page"}],"author":[{"embeddable":true,"href":"https:\/\/blendtech-division.com\/en\/wp-json\/wp\/v2\/users\/1"}],"replies":[{"embeddable":true,"href":"https:\/\/blendtech-division.com\/en\/wp-json\/wp\/v2\/comments?post=4166"}],"version-history":[{"count":5,"href":"https:\/\/blendtech-division.com\/en\/wp-json\/wp\/v2\/pages\/4166\/revisions"}],"predecessor-version":[{"id":8230,"href":"https:\/\/blendtech-division.com\/en\/wp-json\/wp\/v2\/pages\/4166\/revisions\/8230"}],"wp:attachment":[{"href":"https:\/\/blendtech-division.com\/en\/wp-json\/wp\/v2\/media?parent=4166"}],"curies":[{"name":"wp","href":"https:\/\/api.w.org\/{rel}","templated":true}]}}