{"id":4030,"date":"2018-04-24T14:44:47","date_gmt":"2018-04-24T12:44:47","guid":{"rendered":"http:\/\/www.easy-brau.com\/contatti\/"},"modified":"2025-03-06T16:22:37","modified_gmt":"2025-03-06T15:22:37","slug":"contatti","status":"publish","type":"page","link":"https:\/\/blendtech-division.com\/en\/contatti\/","title":{"rendered":"CONTACTS"},"content":{"rendered":"<p>[vc_row][vc_column][vc_column_text]<\/p>\n<h5 style=\"text-align: center;\">Blendtech is a brand of Omnia Technologies S.p.A.<\/h5>\n<p style=\"text-align: center;\">Operational HQ: Via Padovan, 1 &#8211; 31010 Mareno di Piave (TV) &#8211; Italy<br \/>\nPh.: <a href=\"tel:3904384147\">+39 0438 4147<\/a>\u00a0&#8211; Fax:\u00a0<a href=\"tel:390438501044\">+39 0438 501044<\/a>\u00a0&#8211; E-mail:\u00a0<a href=\"mailto:padovan@tmcigroup.com\">padovan@tmcigroup.com<\/a><\/p>\n<p>[\/vc_column_text][vc_btn title=&#8221;Work with us!&#8221; size=&#8221;lg&#8221; align=&#8221;center&#8221; i_icon_fontawesome=&#8221;fa fa-handshake-o&#8221; add_icon=&#8221;true&#8221; link=&#8221;url:https%3A%2F%2Fwww.tmcigroup.com%2Fjob-career%2F|target:%20_blank|&#8221;][\/vc_column][\/vc_row][vc_row][vc_column width=&#8221;1\/2&#8243;][vc_raw_html]PGlmcmFtZSBzdHlsZT0iYm9yZGVyOiAwOyIgc3JjPSJodHRwczovL3d3dy5nb29nbGUuY29tL21hcHMvZW1iZWQ\/cGI9ITFtMTghMW0xMiExbTMhMWQxODAxLjI4NzUwOTAyMjMyNDchMmQxMi4zMjc5NzE0MzUzNjA0NDghM2Q0NS44NzIwMDY3NTgxNjMxMyEybTMhMWYwITJmMCEzZjAhM20yITFpMTAyNCEyaTc2OCE0ZjEzLjEhM20zITFtMiExczB4NDc3OTNmNDg3ZjIwYTQ5NyUzQTB4NDFmODJjYWYzMzNiMzc1OSEyc1RNQ0klMjBQYWRvdmFuJTIwUy5QLkEuITVlMCEzbTIhMXNpdCEyc2l0ITR2MTY2Njk1ODQ4NzU0NiE1bTIhMXNpdCEyc2l0IiB3aWR0aD0iNjAwIiBoZWlnaHQ9IjQ1MCIgYWxsb3dmdWxsc2NyZWVuPSJhbGxvd2Z1bGxzY3JlZW4iPjwvaWZyYW1lPg==[\/vc_raw_html][\/vc_column][vc_column width=&#8221;1\/2&#8243;]<h5 class=\"sc_title sc_title_regular sc_align_left margin_bottom_small\" style=\"text-align:left;font-weight:700;\">FOR MORE INFORMATION<\/h5><div class=\"wpforms-container wpforms-container-full form form-contatti\" id=\"wpforms-7605\"><form id=\"wpforms-form-7605\" class=\"wpforms-validate wpforms-form\" data-formid=\"7605\" method=\"post\" enctype=\"multipart\/form-data\" action=\"\/en\/wp-json\/wp\/v2\/pages\/4030\" data-token=\"5776c2e9b266ba513cc3485796b95c12\"><noscript class=\"wpforms-error-noscript\">Please enable JavaScript in your browser to complete this form.<\/noscript><div class=\"wpforms-field-container\"><div id=\"wpforms-7605-field_4-container\" class=\"wpforms-field wpforms-field-text\" data-field-id=\"4\"><label class=\"wpforms-field-label\" for=\"wpforms-7605-field_4\">Nome <span class=\"wpforms-required-label\">*<\/span><\/label><input type=\"text\" id=\"wpforms-7605-field_4\" class=\"wpforms-field-large wpforms-field-required\" name=\"wpforms[fields][4]\" required><\/div><div id=\"wpforms-7605-field_8-container\" class=\"wpforms-field wpforms-field-email\" data-field-id=\"8\"><label class=\"wpforms-field-label\" for=\"wpforms-7605-field_8\">Email <span class=\"wpforms-required-label\">*<\/span><\/label><input type=\"email\" id=\"wpforms-7605-field_8\" class=\"wpforms-field-large wpforms-field-required\" name=\"wpforms[fields][8]\" required><\/div><div id=\"wpforms-7605-field_10-container\" class=\"wpforms-field wpforms-field-text\" data-field-id=\"10\"><label class=\"wpforms-field-label\" for=\"wpforms-7605-field_10\">Nazione <span class=\"wpforms-required-label\">*<\/span><\/label><input type=\"text\" id=\"wpforms-7605-field_10\" class=\"wpforms-field-large wpforms-field-required\" name=\"wpforms[fields][10]\" required><\/div><div id=\"wpforms-7605-field_15-container\" class=\"wpforms-field wpforms-field-text\" data-field-id=\"15\"><label class=\"wpforms-field-label\" for=\"wpforms-7605-field_15\">Telefono <span class=\"wpforms-required-label\">*<\/span><\/label><input type=\"text\" id=\"wpforms-7605-field_15\" class=\"wpforms-field-large wpforms-field-required\" name=\"wpforms[fields][15]\" required><\/div><div id=\"wpforms-7605-field_9-container\" class=\"wpforms-field wpforms-field-text\" data-field-id=\"9\"><label class=\"wpforms-field-label\" for=\"wpforms-7605-field_9\">Azienda<\/label><input type=\"text\" id=\"wpforms-7605-field_9\" class=\"wpforms-field-large\" name=\"wpforms[fields][9]\" ><\/div><div id=\"wpforms-7605-field_16-container\" class=\"wpforms-field wpforms-field-text\" data-field-id=\"16\"><label class=\"wpforms-field-label\" for=\"wpforms-7605-field_16\">Oggetto <span class=\"wpforms-required-label\">*<\/span><\/label><input type=\"text\" id=\"wpforms-7605-field_16\" class=\"wpforms-field-large wpforms-field-required\" name=\"wpforms[fields][16]\" required><\/div><div id=\"wpforms-7605-field_6-container\" class=\"wpforms-field wpforms-field-textarea\" data-field-id=\"6\"><label class=\"wpforms-field-label\" for=\"wpforms-7605-field_6\">Messaggio <span class=\"wpforms-required-label\">*<\/span><\/label><textarea id=\"wpforms-7605-field_6\" class=\"wpforms-field-medium wpforms-field-required\" name=\"wpforms[fields][6]\" required><\/textarea><\/div><div id=\"wpforms-7605-field_12-container\" class=\"wpforms-field wpforms-field-html div-privacy\" data-field-id=\"12\"><div id=\"wpforms-7605-field_12\"><div style=\"overflow-y: scroll; padding:10px;width:100%; height:120px;border:1px solid #E5E5E5;background-color:#F4F4F4;color:#777;font-size:11px;margin-top:10px;\">\r\n<strong>INFORMATIVA AI SENSI DELLA DISCIPLINA SULLA TUTELA DEI DATI PERSONALI.<\/strong><br>\r\n<br>\r\nLa presente Informativa viene resa ai sensi e per gli effetti dell\u2019art. 13 del Regolamento (UE) 2016\/679 (di seguito \"GDPR\"), relativo alla protezione delle persone fisiche con riguardo al trattamento dei dati personali.<br><br>\r\n\r\nIl presente sito web (di seguito \"Sito\") e tutti i servizi che qui vengono erogati (di seguito \"Servizi\") non sono destinati a minori di 16 anni e TMCI Padovan S.p.A., nella sua qualit\u00e0 di titolare del trattamento (di seguito \"Societ\u00e0\" o \"Titolare\"), non raccoglie intenzionalmente informazioni personali riferite ai minori. Nel caso in cui informazioni su minori fossero involontariamente registrate, su richiesta degli utenti il Titolare le canceller\u00e0 tempestivamente.\r\n<br><br>\r\nBase giuridica e finalit\u00e0 del trattamento\r\n<br><br>\r\nI Suoi dati personali sono trattati:\r\n<br><br>\r\nA) senza il Suo consenso espresso, per le seguenti finalit\u00e0 di servizio\/fruibilit\u00e0 del Sito:<br>\r\n<br><br>\r\n- permetterLe di fruire dei Servizi eventualmente da Lei richiesti;<br>\r\n\r\n- partecipare tramite il Sito ad iniziative organizzate dal Titolare (ad esempio, eventi);<br>\r\n\r\n- processare una richiesta di contatto;<br>\r\n\r\n- esercitare i diritti del Titolare;<br>\r\n\r\nin relazione a tali finalit\u00e0, il Suo consenso non \u00e8 richiesto perch\u00e9 il trattamento dei dati \u00e8 necessario per fornire i Servizi richiesti o per adempiere ad un obbligo legale;\r\n<br><br>\r\nB) solo previo Suo specifico e distinto consenso, per le seguenti altre finalit\u00e0:\r\n<br><br>\r\n- inviarLe via e-mail sondaggi di opinione e di gradimento, newsletter e\/o inviti ad eventi o iscriverLa ad eventi di cui il Titolare sia parte o l\u2019organizzatore (di seguito \u201cMarketing\u201d);\r\n<br><br>\r\nPeriodo di conservazione dei dati\r\n<br><br>\r\nI Suoi dati personali saranno trattati per il tempo strettamente indispensabile al perseguimento delle sopra indicate finalit\u00e0, trascorso il quale saranno cancellati o resi anonimi.\r\n<br><br>\r\nCon specifico riguardo alle finalit\u00e0 descritte al punto B), i Suoi dati personali saranno trattati nei 24 mesi successivi dall\u2019ultima comunicazione che le invieremo. Le sar\u00e0 data la possibilit\u00e0 comunque di disinscriversi in ogni momento.\r\n<br><br>\r\nNatura del conferimento dei dati e conseguenze in caso di rifiuto\r\n<br><br>\r\nIl conferimento dei dati per le Finalit\u00e0 di cui al punto A) \u00e8 necessario per effettuare la registrazione al Sito e per poter usufruire dei servizi offerti.\r\n<br><br>\r\nIl conferimento dei dati per le finalit\u00e0 di cui al punto B) \u00e8 facoltativo. Potr\u00e0 quindi decidere di non conferire alcun dato o di negare successivamente la possibilit\u00e0 di trattare dati gi\u00e0 forniti: in tal caso, non potr\u00e0 ricevere via e-mail inviti ad eventi, newsletter e sondaggi di opinione e di gradimento e soprattutto non ricever\u00e0 informazioni su iniziative personalizzate in linea con le Sue preferenze. Continuer\u00e0 a ricevere i servizi di cui al punto A).\r\n<br><br>\r\nAmbito di comunicazione dei dati e categorie di destinatari\r\n<br><br>\r\nI Suoi dati potranno essere comunicati:\r\n<br><br>\r\n- per le finalit\u00e0 di cui al punto A), a dipendenti e collaboratori del Titolare, nella loro qualit\u00e0 di autorizzati del trattamento e\/o amministratori di sistema;\r\n<br><br>\r\n- per le finalit\u00e0 di cui al punto B), a societ\u00e0 terze o altri soggetti (provider sito web, cloud provider, provider servizio e-payment, fornitori, tecnici addetti all\u2019assistenza hardware e software, spedizionieri e vettori, istituti di credito, studi professionali, etc.), che svolgono attivit\u00e0 in outsourcing per conto del Titolare in qualit\u00e0 di responsabili del trattamento;\r\n<br><br>\r\nqualora i Suoi dati dovessero essere trattati per conto della Societ\u00e0 da parte di soggetti terzi, questi saranno designati come responsabili del trattamento con apposito contratto od altro atto giuridico; i Suoi dati non saranno in ogni caso oggetto di diffusione.\r\n<br><br>\r\nTrasferimento dati verso un paese terzo e\/o un\u2019organizzazione internazionale\r\n<br><br>\r\nI Suoi dati personali non saranno oggetto di trasferimento presso Paesi Terzi non europei.\r\n<br><br>\r\nDiritti degli interessati\r\n<br><br>\r\nLei ha il diritto (v. artt. 15 -22 del GDPR) di chiedere alla ns. Societ\u00e0 di accedere ai Suoi dati personali e di rettificarli se inesatti, di cancellarli o limitarne il trattamento se ne ricorrono i presupposti, nonch\u00e9 di ottenere la portabilit\u00e0 dei dati da Lei forniti solo se oggetto di un trattamento automatizzato basato sul Suo consenso o sul contratto.\r\n<br><br>\r\nLei ha altres\u00ec il diritto di revocare il consenso prestato per le finalit\u00e0 di trattamento che lo richiedono, ferma restando la liceit\u00e0 del trattamento effettuato sino al momento della revoca.\r\n<br><br>\r\nLei ha anche il diritto di proporre reclamo all\u2019autorit\u00e0 di controllo competente in materia, Garante per la protezione dei dati personali.\r\n<br><br>\r\nSoggetti del trattamento\r\n<br><br>\r\nTitolare del trattamento \u00e8 TMCI Padovan S.p.A contattabile al seguente indirizzo mail: padovan@tmcigroup.com\r\n<br><br>\r\nUltimo aggiornamento: luglio 2018.\r\n<br><br>\r\nLa presente Informativa potr\u00e0 subire variazioni. Si consiglia, quindi, di controllare regolarmente questa pagina web e di tenere in considerazione la versione pi\u00f9 aggiornata dell\u2019informativa ivi riportata.\r\n<br><br>\r\nPresa visione della sopra esposta informativa, il Cliente:\r\n<\/div><\/div><\/div><div id=\"wpforms-7605-field_13-container\" class=\"wpforms-field wpforms-field-checkbox wpforms-list-inline\" data-field-id=\"13\"><label class=\"wpforms-field-label\" for=\"wpforms-7605-field_13\">Esprime il consenso al trattamento dei propri dati personali per finalit\u00e0 di Marketing <span class=\"wpforms-required-label\">*<\/span><\/label><ul id=\"wpforms-7605-field_13\" class=\"wpforms-field-required\" data-choice-limit=\"1\"><li class=\"choice-1 depth-1\"><input type=\"checkbox\" id=\"wpforms-7605-field_13_1\" data-rule-check-limit=\"true\" name=\"wpforms[fields][13][]\" value=\"Si\" required ><label class=\"wpforms-field-label-inline\" for=\"wpforms-7605-field_13_1\">Si<\/label><\/li><li class=\"choice-2 depth-1\"><input type=\"checkbox\" id=\"wpforms-7605-field_13_2\" data-rule-check-limit=\"true\" name=\"wpforms[fields][13][]\" value=\"No\" required ><label class=\"wpforms-field-label-inline\" for=\"wpforms-7605-field_13_2\">No<\/label><\/li><\/ul><\/div><\/div><input type=\"hidden\" name=\"wpforms[recaptcha]\" value=\"\"><div class=\"wpforms-submit-container\" ><input type=\"hidden\" name=\"wpforms[id]\" value=\"7605\"><input type=\"hidden\" name=\"wpforms[author]\" value=\"1\"><button type=\"submit\" name=\"wpforms[submit]\" class=\"wpforms-submit submit-btn\" id=\"wpforms-submit-7605\" value=\"wpforms-submit\" aria-live=\"assertive\" data-alt-text=\"Invio in corso...\" data-submit-text=\"INVIA\">INVIA<\/button><\/div><\/form><\/div>  <!-- .wpforms-container -->[\/vc_column][\/vc_row]<\/p>\n","protected":false},"excerpt":{"rendered":"<p>[vc_row][vc_column][vc_column_text] Blendtech is a brand of Omnia Technologies S.p.A. Operational HQ: Via Padovan, 1 &#8211; 31010 Mareno di Piave (TV) &#8211; Italy Ph.: +39 0438 4147\u00a0&#8211; Fax:\u00a0+39 0438 501044\u00a0&#8211; E-mail:\u00a0padovan@tmcigroup.com [\/vc_column_text][vc_btn title=&#8221;Work with us!&#8221; size=&#8221;lg&#8221; align=&#8221;center&#8221; i_icon_fontawesome=&#8221;fa fa-handshake-o&#8221; add_icon=&#8221;true&#8221; link=&#8221;url:https%3A%2F%2Fwww.tmcigroup.com%2Fjob-career%2F|target:%20_blank|&#8221;][\/vc_column][\/vc_row][vc_row][vc_column width=&#8221;1\/2&#8243;][vc_raw_html]PGlmcmFtZSBzdHlsZT0iYm9yZGVyOiAwOyIgc3JjPSJodHRwczovL3d3dy5nb29nbGUuY29tL21hcHMvZW1iZWQ\/cGI9ITFtMTghMW0xMiExbTMhMWQxODAxLjI4NzUwOTAyMjMyNDchMmQxMi4zMjc5NzE0MzUzNjA0NDghM2Q0NS44NzIwMDY3NTgxNjMxMyEybTMhMWYwITJmMCEzZjAhM20yITFpMTAyNCEyaTc2OCE0ZjEzLjEhM20zITFtMiExczB4NDc3OTNmNDg3ZjIwYTQ5NyUzQTB4NDFmODJjYWYzMzNiMzc1OSEyc1RNQ0klMjBQYWRvdmFuJTIwUy5QLkEuITVlMCEzbTIhMXNpdCEyc2l0ITR2MTY2Njk1ODQ4NzU0NiE1bTIhMXNpdCEyc2l0IiB3aWR0aD0iNjAwIiBoZWlnaHQ9IjQ1MCIgYWxsb3dmdWxsc2NyZWVuPSJhbGxvd2Z1bGxzY3JlZW4iPjwvaWZyYW1lPg==[\/vc_raw_html][\/vc_column][vc_column width=&#8221;1\/2&#8243;][\/vc_column][\/vc_row]<\/p>\n","protected":false},"author":1,"featured_media":0,"parent":0,"menu_order":0,"comment_status":"closed","ping_status":"closed","template":"","meta":{"footnotes":""},"class_list":["post-4030","page","type-page","status-publish","hentry"],"yoast_head":"<!-- This site is optimized with the Yoast SEO plugin v26.5 - https:\/\/yoast.com\/wordpress\/plugins\/seo\/ -->\n<title>CONTATTI - Blendtech: produzione succhi di frutta e soft drinks<\/title>\n<meta name=\"description\" content=\"Per avere informazioni sui nostri prodotti o per richiedere offerte personalizzate non esitare a contattarci, o passa per la nostra sede di Vittorio Veneto!\" \/>\n<meta name=\"robots\" content=\"index, follow, max-snippet:-1, max-image-preview:large, max-video-preview:-1\" \/>\n<link rel=\"canonical\" href=\"https:\/\/blendtech-division.com\/contatti\/\" \/>\n<meta property=\"og:locale\" content=\"en_US\" \/>\n<meta property=\"og:type\" content=\"article\" \/>\n<meta property=\"og:title\" content=\"CONTATTI - Blendtech: produzione succhi di frutta e soft drinks\" \/>\n<meta property=\"og:description\" content=\"Per avere informazioni sui nostri prodotti o per richiedere offerte personalizzate non esitare a contattarci, o passa per la nostra sede di Vittorio Veneto!\" \/>\n<meta property=\"og:url\" content=\"https:\/\/blendtech-division.com\/contatti\/\" \/>\n<meta property=\"og:site_name\" content=\"Blendtech\" \/>\n<meta property=\"article:modified_time\" content=\"2025-03-06T15:22:37+00:00\" \/>\n<meta name=\"twitter:card\" content=\"summary_large_image\" \/>\n<meta name=\"twitter:label1\" content=\"Est. reading time\" \/>\n\t<meta name=\"twitter:data1\" content=\"1 minute\" \/>\n<script type=\"application\/ld+json\" class=\"yoast-schema-graph\">{\"@context\":\"https:\/\/schema.org\",\"@graph\":[{\"@type\":\"WebPage\",\"@id\":\"https:\/\/blendtech-division.com\/contatti\/\",\"url\":\"https:\/\/blendtech-division.com\/contatti\/\",\"name\":\"CONTATTI - Blendtech: produzione succhi di frutta e soft drinks\",\"isPartOf\":{\"@id\":\"https:\/\/blendtech-division.com\/#website\"},\"datePublished\":\"2018-04-24T12:44:47+00:00\",\"dateModified\":\"2025-03-06T15:22:37+00:00\",\"description\":\"Per avere informazioni sui nostri prodotti o per richiedere offerte personalizzate non esitare a contattarci, o passa per la nostra sede di Vittorio Veneto!\",\"breadcrumb\":{\"@id\":\"https:\/\/blendtech-division.com\/contatti\/#breadcrumb\"},\"inLanguage\":\"en-US\",\"potentialAction\":[{\"@type\":\"ReadAction\",\"target\":[\"https:\/\/blendtech-division.com\/contatti\/\"]}]},{\"@type\":\"BreadcrumbList\",\"@id\":\"https:\/\/blendtech-division.com\/contatti\/#breadcrumb\",\"itemListElement\":[{\"@type\":\"ListItem\",\"position\":1,\"name\":\"Home\",\"item\":\"https:\/\/blendtech-division.com\/en\/\"},{\"@type\":\"ListItem\",\"position\":2,\"name\":\"CONTACTS\"}]},{\"@type\":\"WebSite\",\"@id\":\"https:\/\/blendtech-division.com\/#website\",\"url\":\"https:\/\/blendtech-division.com\/\",\"name\":\"Easybr\u00e4u-Velo\",\"description\":\"Be smart, be Blendtech\",\"potentialAction\":[{\"@type\":\"SearchAction\",\"target\":{\"@type\":\"EntryPoint\",\"urlTemplate\":\"https:\/\/blendtech-division.com\/?s={search_term_string}\"},\"query-input\":{\"@type\":\"PropertyValueSpecification\",\"valueRequired\":true,\"valueName\":\"search_term_string\"}}],\"inLanguage\":\"en-US\"}]}<\/script>\n<!-- \/ Yoast SEO plugin. -->","yoast_head_json":{"title":"CONTATTI - Blendtech: produzione succhi di frutta e soft drinks","description":"Per avere informazioni sui nostri prodotti o per richiedere offerte personalizzate non esitare a contattarci, o passa per la nostra sede di Vittorio Veneto!","robots":{"index":"index","follow":"follow","max-snippet":"max-snippet:-1","max-image-preview":"max-image-preview:large","max-video-preview":"max-video-preview:-1"},"canonical":"https:\/\/blendtech-division.com\/contatti\/","og_locale":"en_US","og_type":"article","og_title":"CONTATTI - Blendtech: produzione succhi di frutta e soft drinks","og_description":"Per avere informazioni sui nostri prodotti o per richiedere offerte personalizzate non esitare a contattarci, o passa per la nostra sede di Vittorio Veneto!","og_url":"https:\/\/blendtech-division.com\/contatti\/","og_site_name":"Blendtech","article_modified_time":"2025-03-06T15:22:37+00:00","twitter_card":"summary_large_image","twitter_misc":{"Est. reading time":"1 minute"},"schema":{"@context":"https:\/\/schema.org","@graph":[{"@type":"WebPage","@id":"https:\/\/blendtech-division.com\/contatti\/","url":"https:\/\/blendtech-division.com\/contatti\/","name":"CONTATTI - Blendtech: produzione succhi di frutta e soft drinks","isPartOf":{"@id":"https:\/\/blendtech-division.com\/#website"},"datePublished":"2018-04-24T12:44:47+00:00","dateModified":"2025-03-06T15:22:37+00:00","description":"Per avere informazioni sui nostri prodotti o per richiedere offerte personalizzate non esitare a contattarci, o passa per la nostra sede di Vittorio Veneto!","breadcrumb":{"@id":"https:\/\/blendtech-division.com\/contatti\/#breadcrumb"},"inLanguage":"en-US","potentialAction":[{"@type":"ReadAction","target":["https:\/\/blendtech-division.com\/contatti\/"]}]},{"@type":"BreadcrumbList","@id":"https:\/\/blendtech-division.com\/contatti\/#breadcrumb","itemListElement":[{"@type":"ListItem","position":1,"name":"Home","item":"https:\/\/blendtech-division.com\/en\/"},{"@type":"ListItem","position":2,"name":"CONTACTS"}]},{"@type":"WebSite","@id":"https:\/\/blendtech-division.com\/#website","url":"https:\/\/blendtech-division.com\/","name":"Easybr\u00e4u-Velo","description":"Be smart, be Blendtech","potentialAction":[{"@type":"SearchAction","target":{"@type":"EntryPoint","urlTemplate":"https:\/\/blendtech-division.com\/?s={search_term_string}"},"query-input":{"@type":"PropertyValueSpecification","valueRequired":true,"valueName":"search_term_string"}}],"inLanguage":"en-US"}]}},"_links":{"self":[{"href":"https:\/\/blendtech-division.com\/en\/wp-json\/wp\/v2\/pages\/4030","targetHints":{"allow":["GET"]}}],"collection":[{"href":"https:\/\/blendtech-division.com\/en\/wp-json\/wp\/v2\/pages"}],"about":[{"href":"https:\/\/blendtech-division.com\/en\/wp-json\/wp\/v2\/types\/page"}],"author":[{"embeddable":true,"href":"https:\/\/blendtech-division.com\/en\/wp-json\/wp\/v2\/users\/1"}],"replies":[{"embeddable":true,"href":"https:\/\/blendtech-division.com\/en\/wp-json\/wp\/v2\/comments?post=4030"}],"version-history":[{"count":18,"href":"https:\/\/blendtech-division.com\/en\/wp-json\/wp\/v2\/pages\/4030\/revisions"}],"predecessor-version":[{"id":8495,"href":"https:\/\/blendtech-division.com\/en\/wp-json\/wp\/v2\/pages\/4030\/revisions\/8495"}],"wp:attachment":[{"href":"https:\/\/blendtech-division.com\/en\/wp-json\/wp\/v2\/media?parent=4030"}],"curies":[{"name":"wp","href":"https:\/\/api.w.org\/{rel}","templated":true}]}}